{"id":263,"date":"2025-11-24T16:54:40","date_gmt":"2025-11-24T16:54:40","guid":{"rendered":"https:\/\/safetransferscolombia.com\/?page_id=263"},"modified":"2026-02-18T13:26:42","modified_gmt":"2026-02-18T13:26:42","slug":"traslados-al-aeropuerto","status":"publish","type":"page","link":"https:\/\/safetransferscolombia.com\/es\/airport-transfers\/","title":{"rendered":"Traslados desde el aeropuerto"},"content":{"rendered":"<h1>\n\t\t\tTraslados Seguros y Confiables desde el Aeropuerto en Bogot\u00e1, Colombia\t<\/h1>\n\t<p>Your driver will be waiting &#8211; on time, bilingual, and ready to take you anywhere in the city.<\/p>\n\t<p>Meet &#038; Greet at El Dorado Airport \u00b7 Pay in USD or EUR \u00b7 24\/7 Live Support<\/p>\n\t<iframe loading=\"lazy\" src=\"https:\/\/app.acuityscheduling.com\/schedule.php?owner=37359893&#038;ref=embedded_csp\" title=\"Programar cita\" width=\"100%\" height=\"1400\" frameborder=\"0\" allow=\"payment\"><\/iframe>\n<h2 class=\"translation-block\">Nuestros <span style=\"color: #135891\">Servicios<\/span> Principales<\/h2>\n\t<section>\n\t\t<img decoding=\"async\" src=\"https:\/\/safetransferscolombia.com\/wp-content\/uploads\/2025\/12\/1-arrival-transfers-600-1.jpg\" alt=\"Traslados al aeropuerto Imagen\"\/>\n\t\t\t<h2>Traslados de Llegada<\/h2>\n\t\t\t<p>Una Bienvenida C\u00e1lida, Desde el Momento en que Aterrizas<\/p>\n \n Skip the stress of finding a ride after your flight.\n Your bilingual driver will be waiting at Bogot\u00e1&#8217;s El Dorado International Airport with your name sign, ready to assist with luggage and guide you to your private vehicle.\n\t\t\t<p>Incluye:<\/p>\n\t\t\t<ul>\n\t\t\t\t<li>Personalized meet &#038; greet service<\/li>\n\t\t\t\t<li>Seguimiento de vuelo en tiempo real y monitoreo de retrasos<\/li>\n\t\t\t\t<li>Conductores profesionales y asegurados<\/li>\n\t\t\t\t<li>SUVs y sedanes c\u00f3modos<\/li>\n\t\t\t\t<li>Tarifas fijas en USD, sin cargos ocultos<\/li>\n\t\t\t<\/ul>\n\t\t\t<p>Desde: $49 USD<\/p>\n\t\t\t<a href=\"#\">Reservar Traslado de Llegada<\/a>\n<\/section>\n\t<section>\n\t\t<img decoding=\"async\" src=\"https:\/\/safetransferscolombia.com\/wp-content\/uploads\/2025\/12\/2-Departure-transfers-600.jpg\" alt=\"Traslados de salida Imagen\"\/>\n\t\t\t<h2>Traslados de Salida<\/h2>\n\t\t\t<p>Puntualidad, Siempre<\/p>\n\t\t\t<p>Whether you&#8217;re leaving for an early flight or a late departure, we&#8217;ll get you to the airport safely and on schedule. Our team tracks traffic conditions and arrival times to ensure a smooth drop-off experience.<\/p>\n\t\t\t<p>Incluye:<\/p>\n\t\t\t<ul>\n\t\t\t\t<li>Recogida en cualquier punto de Bogot\u00e1<\/li>\n\t\t\t\t<li>Comunicaci\u00f3n biling\u00fce por WhatsApp<\/li>\n\t\t\t\t<li>Seguimiento del veh\u00edculo en tiempo real<\/li>\n\t\t\t\t<li>Veh\u00edculos limpios y con aire acondicionado<\/li>\n\t\t\t<\/ul>\n\t\t\t<p>Tarifa por hora: $40 USD\/hora<\/p>\n\t\t\t<a href=\"#\">Reservar Traslado de Salida<\/a>\n<\/section>\n\t<section>\n\t\t<img decoding=\"async\" src=\"https:\/\/safetransferscolombia.com\/wp-content\/uploads\/2025\/12\/3-Connecting-Flights-or-Hotel-Transfers-600.jpg\" alt=\"Vuelos de conexi\u00f3n o traslados al hotel Imagen\"\/>\n\t\t\t<h2>Conexiones entre Vuelos o Traslados Hotel\u2013Aeropuerto<\/h2>\n\t\t\t<p>Conexiones Sin Complicaciones entre Vuelos u Hoteles<\/p>\n\t\t\t<p>\u00bfNecesitas transporte entre terminales o desde tu hotel al aeropuerto? Gestionamos conexiones locales y escalas con el mismo nivel de profesionalismo y seguridad que todos nuestros servicios.<\/p>\n\t\t\t<p>Incluye:<\/p>\n\t\t\t<ul>\n\t\t\t\t<li>Traslados de corta distancia dentro de Bogot\u00e1<\/li>\n\t\t\t\t<li>Disponible por hora o punto a punto<\/li>\n\t\t\t\t<li>Siempre monitoreado y con soporte biling\u00fce<\/li>\n\t\t\t<\/ul>\n\t\t\t<p>Tarifa por hora: $40 USD\/hora<\/p>\n\t\t\t<a href=\"#\">Reservar Traslado Local<\/a>\n<\/section>\n<h2>\n\t\t\tNuestras Opciones de Veh\u00edculos\t<\/h2>\n<figure itemscope itemtype=\"https:\/\/schema.org\/ImageObject\">\n\t\t\t\t<img decoding=\"async\" src=\"https:\/\/safetransferscolombia.com\/wp-content\/uploads\/2025\/12\/4-Comfort-class-600.jpg\" alt=\"4-Clase Confort-600\" height=\"400\" width=\"600\" title=\"4-Clase Confort-600\" onerror=\"this.style.display='none'\" loading=\"lazy\" \/>\n\t<\/figure>\n<h2>\n\t\t\tComfort Class\t<\/h2>\n\t<p>SUV moderna \u00b7 Hasta 4 pasajeros<\/p>\n\t<p>Comodidad confiable para traslados diarios al aeropuerto.<\/p>\n<h2>\n\t\t\tDesde $49 USD\t<\/h2>\n\t\t\t<a href=\"\"  target=\"_self\">\n\t\t\t\t\t\t\tReservar Comfort\n\t\t\t\t\t<\/a>\n<figure itemscope itemtype=\"https:\/\/schema.org\/ImageObject\">\n\t\t\t\t<img decoding=\"async\" src=\"https:\/\/safetransferscolombia.com\/wp-content\/uploads\/2025\/12\/5-signature-class-600.jpg\" alt=\"5 firmas clase 600\" height=\"400\" width=\"600\" title=\"5 firmas clase 600\" onerror=\"this.style.display='none'\" loading=\"lazy\" \/>\n\t<\/figure>\n<h2>\n\t\t\tSignature Class\t<\/h2>\n\t<p>SUV o sed\u00e1n premium \u00b7 Hasta 4 pasajeros<\/p>\n\t<p>Mayor espacio, agua embotellada y privacidad adicional.<\/p>\n<h2>\n\t\t\tDesde $125 USD\t<\/h2>\n\t\t\t<a href=\"\"  target=\"_self\">\n\t\t\t\t\t\t\tReservar Signature\n\t\t\t\t\t<\/a>\n<h2>\n\t\t\tPor Qu\u00e9 los Viajeros Eligen Safe Transfers Colombia\t<\/h2>\n\t<ul>\n\t\t<li>\t\t\t\t\n\t\t<h3>Conductores biling\u00fces y verificados<\/h3><\/li><li>\t\t\t\t\n\t\t<h3>Centro de despacho 24\/7 y monitoreo de vuelos<\/h3><\/li><li>\t\t\t\t\n\t\t<h3>Veh\u00edculos sanitizados y seguimiento en tiempo real<\/h3><\/li><li>\t\t\t\t\n\t\t<h3>Pago seguro en l\u00ednea en USD o EUR<\/h3><\/li><li>\t\t\t\t\n\t\t<h3>Servicio confiable para embajadas, ejecutivos y familias<\/h3><\/li>\t<\/ul>\n<h2>\n\t\t\t\u00bfNecesitas Ayuda o Tienes una Solicitud Especial?\t<\/h2>\n\t<p>Nuestro equipo de operaciones en Bogot\u00e1 est\u00e1 disponible d\u00eda y noche para recogidas personalizadas, llegadas en grupo y asistencia especial.<\/p>\n<h2>\n\t\t\tReserva Hoy tu Traslado desde el Aeropuerto en Bogot\u00e1, Colombia\t<\/h2>\n\t<p>Safe, punctual, and bilingual service &#8211; from El Dorado Airport to anywhere in the city.<\/p>\n\t<p>Confirmaci\u00f3n inmediata \u00b7 Tarifas fijas \u00b7 Soporte 24\/7<\/p>\n<h3>\n\t\t\tLlegue sano y salvo. Viaje con confianza por Colombia.\t<\/h3>\n\t<p>Book trusted airport transfers and private drivers in Bogot\u00e1 and across Colombia. Our vetted, insured drivers and 24\/7 bilingual support team are ready to help. Share your trip details below and we&#8217;ll coordinate your transfer and send you a clear quote.<\/p>\n\t\n<div class=\"wpcf7 no-js\" id=\"wpcf7-f628-o1\" lang=\"en-US\" dir=\"ltr\" data-wpcf7-id=\"628\">\n<div class=\"screen-reader-response\"><p role=\"status\" aria-live=\"polite\" aria-atomic=\"true\"><\/p> <ul><\/ul><\/div>\n<form action=\"\/es\/wp-json\/wp\/v2\/pages\/263#wpcf7-f628-o1\" method=\"post\" class=\"wpcf7-form init\" aria-label=\"Contact form\" novalidate=\"novalidate\" data-status=\"init\" data-trp-original-action=\"\/es\/wp-json\/wp\/v2\/pages\/263#wpcf7-f628-o1\">\n<fieldset class=\"hidden-fields-container\"><input type=\"hidden\" name=\"_wpcf7\" value=\"628\" \/><input type=\"hidden\" name=\"_wpcf7_version\" value=\"6.1.5\" \/><input type=\"hidden\" name=\"_wpcf7_locale\" value=\"en_US\" \/><input type=\"hidden\" name=\"_wpcf7_unit_tag\" value=\"wpcf7-f628-o1\" \/><input type=\"hidden\" name=\"_wpcf7_container_post\" value=\"0\" \/><input type=\"hidden\" name=\"_wpcf7_posted_data_hash\" value=\"\" \/>\n<\/fieldset>\n<div class=\"cntct-form\">\n\t<div class=\"first-last-name\">\n\t\t<p><label> Nombre<br \/>\n<span class=\"wpcf7-form-control-wrap\" data-name=\"text-743\"><input size=\"40\" maxlength=\"400\" class=\"wpcf7-form-control wpcf7-text wpcf7-validates-as-required\" aria-required=\"true\" aria-invalid=\"false\" value=\"\" type=\"text\" name=\"text-743\" \/><\/span><\/label>\n\t\t<\/p>\n\t\t<p><label> Correo electr\u00f3nico<br \/>\n<span class=\"wpcf7-form-control-wrap\" data-name=\"email-666\"><input size=\"40\" maxlength=\"400\" class=\"wpcf7-form-control wpcf7-email wpcf7-validates-as-required wpcf7-text wpcf7-validates-as-email\" aria-required=\"true\" aria-invalid=\"false\" value=\"\" type=\"email\" name=\"email-666\" \/><\/span><\/label>\n\t\t<\/p>\n\t<\/div>\n\t<p><label> Whatsapp\/Tel\u00e9fono<br \/>\n<span class=\"wpcf7-form-control-wrap\" data-name=\"tel-332\"><input size=\"40\" maxlength=\"400\" class=\"wpcf7-form-control wpcf7-tel wpcf7-validates-as-required wpcf7-text wpcf7-validates-as-tel\" aria-required=\"true\" aria-invalid=\"false\" value=\"\" type=\"tel\" name=\"tel-332\" \/><\/span><\/label>\n\t<\/p>\n\t<div class=\"radio-btns\">\n\t\t<p><label> Tipo de solicitud<br \/>\n<span class=\"wpcf7-form-control-wrap\" data-name=\"radio-740\"><span class=\"wpcf7-form-control wpcf7-radio\"><span class=\"wpcf7-list-item first\"><label><input type=\"radio\" name=\"radio-740\" value=\"Leisure\/Tour\" \/><span class=\"wpcf7-list-item-label\">Ocio\/Turismo<\/span><\/label><\/span><span class=\"wpcf7-list-item\"><label><input type=\"radio\" name=\"radio-740\" value=\"Transport\" \/><span class=\"wpcf7-list-item-label\">Transporte<\/span><\/label><\/span><span class=\"wpcf7-list-item\"><label><input type=\"radio\" name=\"radio-740\" value=\"Business Partnership\" \/><span class=\"wpcf7-list-item-label\">Asociaci\u00f3n comercial<\/span><\/label><\/span><span class=\"wpcf7-list-item last\"><label><input type=\"radio\" name=\"radio-740\" value=\"Other\" \/><span class=\"wpcf7-list-item-label\">Otros<\/span><\/label><\/span><\/span><\/span> <\/label>\n\t\t<\/p>\n\t<\/div>\n\t<div class=\"first-last-name\">\n\t\t<p><label>Ciudad o destino (opcional)<br \/>\n<span class=\"wpcf7-form-control-wrap\" data-name=\"text-34\"><input size=\"40\" maxlength=\"400\" class=\"wpcf7-form-control wpcf7-text\" aria-invalid=\"false\" value=\"\" type=\"text\" name=\"text-34\" \/><\/span><\/label>\n\t\t<\/p>\n\t\t<p><label>Fecha o per\u00edodo (opcional)<br \/>\n<span class=\"wpcf7-form-control-wrap\" data-name=\"date-255\"><input class=\"wpcf7-form-control wpcf7-date wpcf7-validates-as-date\" aria-invalid=\"false\" value=\"\" type=\"date\" name=\"date-255\" \/><\/span> <\/label>\n\t\t<\/p>\n\t<\/div>\n\t<p><label> Tama\u00f1o del grupo (opcional)<br \/>\n<span class=\"wpcf7-form-control-wrap\" data-name=\"text-418\"><input size=\"40\" maxlength=\"400\" class=\"wpcf7-form-control wpcf7-text\" aria-invalid=\"false\" value=\"\" type=\"text\" name=\"text-418\" \/><\/span><\/label>\n\t<\/p>\n\t<p><label> Mensaje<br \/>\n<span class=\"wpcf7-form-control-wrap\" data-name=\"textarea-98\"><textarea cols=\"40\" rows=\"10\" maxlength=\"2000\" class=\"wpcf7-form-control wpcf7-textarea\" aria-invalid=\"false\" placeholder=\"Escribe tanto o tan poco como quieras, incluso una pregunta breve est\u00e1 bien.\" name=\"textarea-98\"><\/textarea><\/span> <\/label>\n\t<\/p>\n\t<p><strong>Consentimiento opcional para el tratamiento de datos y comunicaciones.<\/strong>\n\t<\/p>\n\t<p class=\"formConsent\"><br \/>\n<span class=\"wpcf7-form-control-wrap\" data-name=\"acceptance-583\"><span class=\"wpcf7-form-control wpcf7-acceptance optional\"><span class=\"wpcf7-list-item\"><label><input type=\"checkbox\" name=\"acceptance-583\" value=\"1\" aria-invalid=\"false\" \/><span class=\"wpcf7-list-item-label\">Al marcar esta casilla, acepto recibir mensajes SMS transaccionales de (Safe Transfers) relacionados con mi reserva (confirmaciones, recordatorios y actualizaciones de asistencia). El consentimiento no es una condici\u00f3n para la compra. Pueden aplicarse tarifas por mensajes y datos. Responda STOP para darse de baja o HELP para obtener asistencia.<\/span><\/label><\/span><\/span><\/span>\n\t<\/p>\n\t<p class=\"anchorForm\" style=\"display:block !important;\"><a href=\"https:\/\/safetransferscolombia.com\/es\/terminos-y-condiciones\/\">T\u00e9rminos<\/a> | <a href=\"https:\/\/safetransferscolombia.com\/es\/politica-de-privacidad\/\">Pol\u00edtica de privacidad<\/a>\n\t<\/p>\n\t<p><input class=\"wpcf7-form-control wpcf7-submit has-spinner\" type=\"submit\" value=\"Enviar\" \/>\n\t<\/p>\n<\/div><p style=\"display: none !important;\" class=\"akismet-fields-container\" data-prefix=\"_wpcf7_ak_\"><label>\u0394<textarea name=\"_wpcf7_ak_hp_textarea\" cols=\"45\" rows=\"8\" maxlength=\"100\"><\/textarea><\/label><input type=\"hidden\" id=\"ak_js_1\" name=\"_wpcf7_ak_js\" value=\"96\"\/><script>document.getElementById( \"ak_js_1\" ).setAttribute( \"value\", ( new Date() ).getTime() );<\/script><\/p><input type='hidden' class='wpcf7-pum' value='{\"closepopup\":false,\"closedelay\":0,\"openpopup\":false,\"openpopup_id\":0}' \/><div class=\"wpcf7-response-output\" aria-hidden=\"true\"><\/div>\n<input type=\"hidden\" name=\"trp-form-language\" value=\"es\"\/><\/form>\n<\/div>","protected":false},"excerpt":{"rendered":"<p>Safe, Reliable Airport Transfers in Bogot\u00e1, Colombia Your driver will be waiting &#8211; on time, bilingual, and ready to take you anywhere in the city. Meet &#038; Greet at El Dorado Airport \u00b7 Pay in USD or EUR \u00b7 24\/7 Live Support Our Main Services Arrival Transfers A Warm Welcome, The Moment You Land Skip&hellip;<\/p>","protected":false},"author":2,"featured_media":0,"parent":0,"menu_order":0,"comment_status":"closed","ping_status":"closed","template":"","meta":{"inline_featured_image":false,"footnotes":""},"class_list":["post-263","page","type-page","status-publish","hentry"],"_links":{"self":[{"href":"https:\/\/safetransferscolombia.com\/es\/wp-json\/wp\/v2\/pages\/263","targetHints":{"allow":["GET"]}}],"collection":[{"href":"https:\/\/safetransferscolombia.com\/es\/wp-json\/wp\/v2\/pages"}],"about":[{"href":"https:\/\/safetransferscolombia.com\/es\/wp-json\/wp\/v2\/types\/page"}],"author":[{"embeddable":true,"href":"https:\/\/safetransferscolombia.com\/es\/wp-json\/wp\/v2\/users\/2"}],"replies":[{"embeddable":true,"href":"https:\/\/safetransferscolombia.com\/es\/wp-json\/wp\/v2\/comments?post=263"}],"version-history":[{"count":0,"href":"https:\/\/safetransferscolombia.com\/es\/wp-json\/wp\/v2\/pages\/263\/revisions"}],"wp:attachment":[{"href":"https:\/\/safetransferscolombia.com\/es\/wp-json\/wp\/v2\/media?parent=263"}],"curies":[{"name":"wp","href":"https:\/\/api.w.org\/{rel}","templated":true}]}}