{"id":5430,"date":"2026-04-06T14:56:16","date_gmt":"2026-04-06T14:56:16","guid":{"rendered":"https:\/\/safetransferscolombia.com\/?page_id=5430"},"modified":"2026-04-06T15:00:18","modified_gmt":"2026-04-06T15:00:18","slug":"reservar-un-traslado-erevan","status":"publish","type":"page","link":"https:\/\/safetransferscolombia.com\/es\/book-a-transfer-armenia\/","title":{"rendered":"Reserva tu traslado privado en Armenia, Colombia"},"content":{"rendered":"<h1>\n\t\t\tReserva tu traslado privado en Armenia, Colombia\t<\/h1>\n\t<p>Safe, bilingual, and reliable transportation &#8211; from airport pickups to hourly chauffeur services in Armenia and surrounding areas.<\/p>\n\t<p>Reserva en USD o EUR \u00b7 Soporte biling\u00fce 24\/7 \u00b7 Tarifas fijas y transparentes<\/p>\n<h2>\n\t\t\tYour Journey. Simplified.\t<\/h2>\n\t<p>Armenia es compacta, pero el movimiento se extiende hacia pueblos y \u00e1reas rurales cercanas en lugar de permanecer dentro de la ciudad.<\/p>\n<figure itemscope itemtype=\"https:\/\/schema.org\/ImageObject\">\n\t\t\t\t<img decoding=\"async\" src=\"https:\/\/safetransferscolombia.com\/wp-content\/uploads\/2025\/11\/journeyIcoOne.png\" alt=\"viajeIcoOne\" height=\"72\" width=\"72\" title=\"viajeIcoOne\" onerror=\"this.style.display='none'\" loading=\"lazy\" \/>\n\t<\/figure>\n\t<p>Tarifas Fijas en USD<\/p>\n<figure itemscope itemtype=\"https:\/\/schema.org\/ImageObject\">\n\t\t\t\t<img decoding=\"async\" src=\"https:\/\/safetransferscolombia.com\/wp-content\/uploads\/2025\/11\/journeyIcoTwo.png\" alt=\"viajeIcoDos\" height=\"72\" width=\"72\" title=\"viajeIcoDos\" onerror=\"this.style.display='none'\" loading=\"lazy\" \/>\n\t<\/figure>\n\t<p>Conductores Verificados<\/p>\n<figure itemscope itemtype=\"https:\/\/schema.org\/ImageObject\">\n\t\t\t\t<img decoding=\"async\" src=\"https:\/\/safetransferscolombia.com\/wp-content\/uploads\/2025\/11\/journeyIcoThree.png\" alt=\"viajeIcoTres\" height=\"72\" width=\"72\" title=\"viajeIcoTres\" onerror=\"this.style.display='none'\" loading=\"lazy\" \/>\n\t<\/figure>\n\t<p>Servicio Meet &amp; Greet en el Aeropuerto<\/p>\n<figure itemscope itemtype=\"https:\/\/schema.org\/ImageObject\">\n\t\t\t\t<img decoding=\"async\" src=\"https:\/\/safetransferscolombia.com\/wp-content\/uploads\/2025\/11\/journeyIcoThree.png\" alt=\"viajeIcoTres\" height=\"72\" width=\"72\" title=\"viajeIcoTres\" onerror=\"this.style.display='none'\" loading=\"lazy\" \/>\n\t<\/figure>\n\t<p>Soporte en Ingl\u00e9s y Espa\u00f1ol<\/p>\n<figure itemscope itemtype=\"https:\/\/schema.org\/ImageObject\">\n\t\t\t\t<img decoding=\"async\" src=\"https:\/\/safetransferscolombia.com\/wp-content\/uploads\/2025\/11\/journeyIcoThree.png\" alt=\"viajeIcoTres\" height=\"72\" width=\"72\" title=\"viajeIcoTres\" onerror=\"this.style.display='none'\" loading=\"lazy\" \/>\n\t<\/figure>\n\t<p>Centro de Operaciones 24\/7 en Bogot\u00e1<\/p>\n<h2>\n\t\t\tC\u00f3mo funciona el transporte en Armenia\t<\/h2>\n\t<p>El Aeropuerto de El Ed\u00e9n da servicio directo a Armenia, pero la mayor\u00eda de los viajes involucran pueblos cercanos como Salento y Filandia, as\u00ed como fincas y hoteles rurales en todo el Quind\u00edo.<\/p>\n\t\t\t\t\t<h2 id=\"fl-accordion--label-0\">Rutas comunes desde Armenia<\/h2>\n\t\t\t\t\t\t\t\t\t\t\t<button type=\"button\" id=\"fl-accordion--icon-0\" aria-expanded=\"false\" aria-controls=\"fl-accordion--panel-0\"><i>Expandir<\/i><\/button>\n\t\t\t\t\t<ul>\n<li aria-level=\"1\">Aeropuerto El Ed\u00e9n \u2194 Armenia<\/li>\n<li aria-level=\"1\">Armenia \u2194 Salento<\/li>\n<li aria-level=\"1\">Armenia \u2194 Finlandia<\/li>\n<li aria-level=\"1\">Armenia \u2194 Pereira<\/li>\n<\/ul>\n<h2 class=\"translation-block\">C\u00f3mo Funciona<\/h2>\n<figure itemscope itemtype=\"https:\/\/schema.org\/ImageObject\">\n\t\t\t\t<img decoding=\"async\" src=\"https:\/\/safetransferscolombia.com\/wp-content\/uploads\/2025\/11\/journeyNumberOne.png\" alt=\"viaje N\u00famero Uno\" height=\"72\" width=\"72\" title=\"viaje N\u00famero Uno\" onerror=\"this.style.display='none'\" loading=\"lazy\" \/>\n\t<\/figure>\n<h2>\n\t\t\tReserva en L\u00ednea\t<\/h2>\n\t<p>Elige tu lugar de recogida y entrega en Armenia o \u00e1reas cercanas.<\/p>\n<figure itemscope itemtype=\"https:\/\/schema.org\/ImageObject\">\n\t\t\t\t<img decoding=\"async\" src=\"https:\/\/safetransferscolombia.com\/wp-content\/uploads\/2025\/11\/journeyNumberTwo.png\" alt=\"viajeN\u00fameroDos\" height=\"72\" width=\"72\" title=\"viajeN\u00fameroDos\" onerror=\"this.style.display='none'\" loading=\"lazy\" \/>\n\t<\/figure>\n<h2>\n\t\t\tRecibe Confirmaci\u00f3n Inmediata\t<\/h2>\n\t<p>Rastrearemos su vuelo y coordinaremos los horarios para garantizar un traslado sin contratiempos.<\/p>\n<figure itemscope itemtype=\"https:\/\/schema.org\/ImageObject\">\n\t\t\t\t<img decoding=\"async\" src=\"https:\/\/safetransferscolombia.com\/wp-content\/uploads\/2025\/11\/journeyNumberThree.png\" alt=\"viajeN\u00fameroTres\" height=\"72\" width=\"72\" title=\"viajeN\u00fameroTres\" onerror=\"this.style.display='none'\" loading=\"lazy\" \/>\n\t<\/figure>\n<h2>\n\t\t\tEncuentra a Tu Conductor\t<\/h2>\n\t<p>Su chofer lo recibir\u00e1 en llegadas o en su punto de recogida seleccionado.<\/p>\n<figure itemscope itemtype=\"https:\/\/schema.org\/ImageObject\">\n\t\t\t\t<img decoding=\"async\" src=\"https:\/\/safetransferscolombia.com\/wp-content\/uploads\/2025\/11\/journeyNumberFour.png\" alt=\"viajeN\u00fameroCuatro\" height=\"72\" width=\"72\" title=\"viajeN\u00fameroCuatro\" onerror=\"this.style.display='none'\" loading=\"lazy\" \/>\n\t<\/figure>\n<h2>\n\t\t\tLlega Seguro y C\u00f3modo\t<\/h2>\n\t<p>Viaja en un veh\u00edculo moderno con soporte operativo en tiempo real.<\/p>\n<h2>\n\t\t\tElige el tipo de servicio\t<\/h2>\n\t<p>Traslados profesionales y servicios de chofer adaptados a tus necesidades.<\/p>\n<figure itemscope itemtype=\"https:\/\/schema.org\/ImageObject\">\n\t\t\t\t<img decoding=\"async\" src=\"https:\/\/safetransferscolombia.com\/wp-content\/uploads\/2025\/12\/Comfort-class.jpg\" alt=\"Clase Confort\" height=\"832\" width=\"1248\" title=\"Clase Confort\" onerror=\"this.style.display='none'\" loading=\"lazy\" \/>\n\t<\/figure>\n<h2>\n\t\t\tTraslados desde el aeropuerto\t<\/h2>\n\t<p>Private pickup from El \u00c9den Airport with flight tracking and meet &#038; greet.<\/p>\n\t\t\t\t\t<h5 id=\"fl-accordion--label-0\">Incluye:<\/h5>\n\t\t\t\t\t\t\t\t\t\t\t<button type=\"button\" id=\"fl-accordion--icon-0\" aria-expanded=\"false\" aria-controls=\"fl-accordion--panel-0\"><i>Expandir<\/i><\/button>\n\t\t\t\t\t \u2713 Conductor local profesional y acreditado<br \/>\n \u2713 Meet &#038; Greet inside the airport terminal<br \/>\n \u2713 Seguimiento de vuelos en tiempo real y monitoreo de retrasos<br \/>\n \u2713 Veh\u00edculo limpio, asegurado, Comfort o Signature.<br \/>\n \u2713 Asistencia con el equipaje<br \/>\n \u2713 Furgonetas y autobuses disponibles para grupos.<br \/>\n \u2713 Coordinaci\u00f3n y asistencia a trav\u00e9s de WhatsApp las 24 horas del d\u00eda, los 7 d\u00edas de la semana.\n<h2>\n\t\t\tDesde $49 USD\t<\/h2>\n\t\t\t<a href=\"\"  target=\"_self\">\n\t\t\t\t\t\t\tReservar traslado desde aeropuerto\n\t\t\t\t\t<\/a>\n<figure itemscope itemtype=\"https:\/\/schema.org\/ImageObject\">\n\t\t\t\t<img decoding=\"async\" src=\"https:\/\/safetransferscolombia.com\/wp-content\/uploads\/2025\/11\/hourly-chauffeur.jpg\" alt=\"chofer por hora\" height=\"832\" width=\"1248\" title=\"chofer por hora\" onerror=\"this.style.display='none'\" loading=\"lazy\" \/>\n\t<\/figure>\n<h2>\n\t\t\tChofer por horas (m\u00ednimo 3 horas)\t<\/h2>\n\t<p>Servicio flexible para reuniones, visitas a lugares o rutas con m\u00faltiples paradas.<\/p>\n\t\t\t\t\t<h5 id=\"fl-accordion--label-0\">Incluye:<\/h5>\n\t\t\t\t\t\t\t\t\t\t\t<button type=\"button\" id=\"fl-accordion--icon-0\" aria-expanded=\"false\" aria-controls=\"fl-accordion--panel-0\"><i>Expandir<\/i><\/button>\n\t\t\t\t\t \u2713 Conductor local profesional y acreditado<br \/>\n \u2713 Veh\u00edculo limpio, asegurado, Comfort o Signature.<br \/>\n \u2713 Paradas ilimitadas dentro de los l\u00edmites de la ciudad de Bogot\u00e1<br \/>\n \u2713 Horarios flexibles y tiempo de espera incluido.<br \/>\n \u2713 Furgonetas y autobuses disponibles para grupos.<br \/>\n \u2713 Asistencia por WhatsApp las 24 horas del d\u00eda, los 7 d\u00edas de la semana\n<h2>\n\t\t\tDesde $40 por hora (m\u00ednimo 3 horas)\t<\/h2>\n\t\t\t<a href=\"\"  target=\"_self\">\n\t\t\t\t\t\t\tReservar chofer por horas\n\t\t\t\t\t<\/a>\n<figure itemscope itemtype=\"https:\/\/schema.org\/ImageObject\">\n\t\t\t\t<img decoding=\"async\" src=\"https:\/\/safetransferscolombia.com\/wp-content\/uploads\/2026\/02\/Full-Day-Driver.jpg\" alt=\"Chofer por D\u00eda Completo\" height=\"832\" width=\"1248\" title=\"Chofer por D\u00eda Completo\" onerror=\"this.style.display='none'\" loading=\"lazy\" \/>\n\t<\/figure>\n<h2>\n\t\t\tChofer por D\u00eda Completo \t<\/h2>\n\t<p>Ideal para viajes regionales, eventos o horarios de d\u00eda completo.<\/p>\n\t\t\t\t\t<h5 id=\"fl-accordion--label-0\">Incluye:<\/h5>\n\t\t\t\t\t\t\t\t\t\t\t<button type=\"button\" id=\"fl-accordion--icon-0\" aria-expanded=\"false\" aria-controls=\"fl-accordion--panel-0\"><i>Expandir<\/i><\/button>\n\t\t\t\t\t \u2713 Veh\u00edculo privado y conductor exclusivo durante 8 horas consecutivas.<br \/>\n \u2713 Rutas flexibles y m\u00faltiples paradas<br \/>\n \u2713 Veh\u00edculo limpio, asegurado, Comfort o Signature.<br \/>\n \u2713 Furgonetas y autobuses disponibles para grupos o equipos.<br \/>\n \u2713 Tiempo de espera incluido<br \/>\n \u2713 Asistencia operativa las 24 horas del d\u00eda, los 7 d\u00edas de la semana\n<h2>\n\t\t\t$175 USD\t<\/h2>\n\t\t\t<a href=\"\"  target=\"_self\">\n\t\t\t\t\t\t\tReservar chofer por d\u00eda completo\n\t\t\t\t\t<\/a>\n<figure itemscope itemtype=\"https:\/\/schema.org\/ImageObject\">\n\t\t\t\t<img decoding=\"async\" src=\"https:\/\/safetransferscolombia.com\/wp-content\/uploads\/2026\/02\/Point-to-Point-Transfer.jpg\" alt=\"Traslado punto a punto\" height=\"832\" width=\"1248\" title=\"Traslado punto a punto\" onerror=\"this.style.display='none'\" loading=\"lazy\" \/>\n\t<\/figure>\n<h2>\n\t\t\tTraslado punto a punto\t<\/h2>\n\t<p>Transferencias directas entre ubicaciones con precios fijos.<\/p>\n\t\t\t\t\t<h5 id=\"fl-accordion--label-0\">Incluye:<\/h5>\n\t\t\t\t\t\t\t\t\t\t\t<button type=\"button\" id=\"fl-accordion--icon-0\" aria-expanded=\"false\" aria-controls=\"fl-accordion--panel-0\"><i>Expandir<\/i><\/button>\n\t\t\t\t\t \u2713 Conductor local profesional y acreditado<br \/>\n \u2713 Transferencia directa punto a punto<br \/>\n \u2713 Opci\u00f3n de a\u00f1adir una segunda y tercera parada<br \/>\n \u2713 Veh\u00edculo limpio, asegurado, Comfort o Signature.<br \/>\n \u2713 Furgonetas y autobuses disponibles para grupos.<br \/>\n \u2713 Servicio preconfirmado, sin aumento de precios<br \/>\n \u2713 Coordinaci\u00f3n y asistencia las 24 horas del d\u00eda, los 7 d\u00edas de la semana.\n<h2>\n\t\t\tDesde $49 USD\t<\/h2>\n\t\t\t<a href=\"\"  target=\"_self\">\n\t\t\t\t\t\t\tReservar traslado punto a punto\n\t\t\t\t\t<\/a>\n<h2>\n\t\t\tTu Seguridad es Nuestra Prioridad\t<\/h2>\n\t<ul>\n\t\t<li>\t\t\n\t\t\t\t<img decoding=\"async\" src=\"https:\/\/safetransferscolombia.com\/wp-content\/uploads\/2025\/11\/Icon-Five.svg\" alt=\"Icono-Cinco\" itemprop=\"image\"\/>\n\t\t<h3>Traslados<\/h3><p>Cada servicio es monitoreado por nuestro equipo de operaciones en Bogot\u00e1 y respaldado 24\/7.<\/p>\n<\/li><li>\t\t\n\t\t\t\t<img decoding=\"async\" src=\"https:\/\/safetransferscolombia.com\/wp-content\/uploads\/2025\/11\/Icon-Five.svg\" alt=\"Icono-Cinco\" itemprop=\"image\"\/>\n\t\t<h3>Conductores<\/h3><p>Todos los conductores cuentan con verificaci\u00f3n de antecedentes, seguro vigente y son biling\u00fces.<\/p><\/li><li>\t\t\n\t\t\t\t<img decoding=\"async\" src=\"https:\/\/safetransferscolombia.com\/wp-content\/uploads\/2025\/11\/Icon-Five.svg\" alt=\"Icono-Cinco\" itemprop=\"image\"\/>\n\t\t<h3>Veh\u00edculos<\/h3><p>Nuestros veh\u00edculos son sanitizados antes de cada traslado y mantenidos bajo est\u00e1ndares internacionales.<\/p>\n<\/li>\t<\/ul>\n<h2>\n\t\t\tWe&#8217;re Here 24\/7.\t<\/h2>\n\t<p>Nuestro equipo biling\u00fce est\u00e1 disponible a cualquier hora para coordinar tu traslado en Armenia y por todo el Quind\u00edo.<\/p>\n<h2>\n\t\t\t\u00bfListo\/a para reservar tu traslado en Armenia?\t<\/h2>\n\t<p>Reserve your private, coordinated ride today &#8211; airport, business travel, or regional routes.<\/p>\n\t<p>Pago seguro en l\u00ednea \u00b7 Confirmaci\u00f3n inmediata \u00b7 Soporte 24\/7<\/p>","protected":false},"excerpt":{"rendered":"<p>Book Your Private Transfer in Armenia, Colombia Safe, bilingual, and reliable transportation &#8211; from airport pickups to hourly chauffeur services in Armenia and surrounding areas. Book in USD or EUR \u00b7 24\/7 bilingual support \u00b7 Fixed, transparent pricing Your Journey. Simplified. Armenia is compact, but movement extends outward to nearby towns and rural areas rather&hellip;<\/p>","protected":false},"author":2,"featured_media":0,"parent":0,"menu_order":0,"comment_status":"closed","ping_status":"closed","template":"","meta":{"inline_featured_image":false,"footnotes":""},"class_list":["post-5430","page","type-page","status-publish","hentry"],"_links":{"self":[{"href":"https:\/\/safetransferscolombia.com\/es\/wp-json\/wp\/v2\/pages\/5430","targetHints":{"allow":["GET"]}}],"collection":[{"href":"https:\/\/safetransferscolombia.com\/es\/wp-json\/wp\/v2\/pages"}],"about":[{"href":"https:\/\/safetransferscolombia.com\/es\/wp-json\/wp\/v2\/types\/page"}],"author":[{"embeddable":true,"href":"https:\/\/safetransferscolombia.com\/es\/wp-json\/wp\/v2\/users\/2"}],"replies":[{"embeddable":true,"href":"https:\/\/safetransferscolombia.com\/es\/wp-json\/wp\/v2\/comments?post=5430"}],"version-history":[{"count":0,"href":"https:\/\/safetransferscolombia.com\/es\/wp-json\/wp\/v2\/pages\/5430\/revisions"}],"wp:attachment":[{"href":"https:\/\/safetransferscolombia.com\/es\/wp-json\/wp\/v2\/media?parent=5430"}],"curies":[{"name":"wp","href":"https:\/\/api.w.org\/{rel}","templated":true}]}}