{"id":739,"date":"2026-01-12T13:26:02","date_gmt":"2026-01-12T13:26:02","guid":{"rendered":"https:\/\/safetransferscolombia.com\/?page_id=739"},"modified":"2026-03-20T09:52:10","modified_gmt":"2026-03-20T09:52:10","slug":"excursiones-en-coche","status":"publish","type":"page","link":"https:\/\/safetransferscolombia.com\/es\/tours-by-car\/","title":{"rendered":"Excursiones en coche"},"content":{"rendered":"<h1>\n\t\t\tTours en Veh\u00edculo Privado\t<\/h1>\n\t<p>Viajes por carretera planificados con anticipaci\u00f3n a lo largo de Colombia.<\/p>\n\t<p>Our Tours are built for travelers who value control, comfort, and context. You&#8217;ll be in a premium vehicle with a professional driver who&#8217;s familiar with the road and the pace you want to maintain throughout your journey<\/p>\n<p>Son experiencias por carretera cuidadosamente dise\u00f1adas en torno a rutas, paisajes y destinos que se revelan mejor cuando se exploran de manera privada.<\/p>\n<h2>\n\t\t\tUnforgettable Journeys, Curated for You\t<\/h2>\n\t<p>Experiencias conducidas, creadas en colaboraci\u00f3n con operadores tur\u00edsticos confiables y expertos locales, pensadas especialmente para viajeros que prefieren explorar destinos en Bogot\u00e1 y sus alrededores.<\/p>\n\t<section>\n<a href=\"https:\/\/safetransferscolombia.com\/es\/traslado-privado-mina-de-sal-nemocon\/\">\n<h2>Bogot\u00e1 \u2194 Mina de Sal de Nemoc\u00f3n<\/h2>\n<p>Las Moyas, Bogot\u00e1<\/p>\n<\/a>\n<\/section>\n\t<section>\n<a href=\"https:\/\/safetransferscolombia.com\/es\/traslado-privado-villa-de-leyva\/\">\n<h2>Bogot\u00e1 \u2194 Villa de Leyva<\/h2>\n<p>Zipaquir\u00e1, Cundinamarca<\/p>\n<\/a>\n<\/section>\n\t<section>\n<a href=\"https:\/\/safetransferscolombia.com\/es\/traslado-privado-a-la-chorrera\/\">\n<h2>Bogot\u00e1 \u2194 Cascada La Chorrera<\/h2>\n<p>Bogot\u00e1 D.C.<\/p>\n<\/a>\n<\/section>\n\t\t<figure itemscope itemtype=\"https:\/\/schema.org\/ImageObject\">\n\t\t\t\t<a href=\"https:\/\/safetransferscolombia.com\/es\/traslado-privado-a-chingaza\/\"  target=\"_self\" itemprop=\"url\">\n\t\t\t\t<img decoding=\"async\" src=\"https:\/\/safetransferscolombia.com\/wp-content\/uploads\/bb-plugin\/cache\/bears-featured-chingaza-landscape-3c74f4ebd308873439bb97976c2280f4-.png\" alt=\"osos destacados chingaza\" height=\"656\" width=\"1096\" title=\"osos destacados chingaza\" onerror=\"this.style.display='none'\" loading=\"lazy\" \/>\n\t\t\t\t<\/a>\n\t<\/figure>\n<h3><a href=\"https:\/\/safetransferscolombia.com\/es\/traslado-privado-a-chingaza\/\" target=\"_self\">Bogot\u00e1 \u2194 Parque Nacional Natural Chingaza<\/a><\/h3><p class=\"translation-block\">El Parque Nacional Natural Chingaza es una de las reservas ecol\u00f3gicas m\u00e1s importantes de los Andes colombianos, preservando paisajes moldeados por glaciares, neblina y flora end\u00e9mica.<\/p>\n<a href=\"https:\/\/safetransferscolombia.com\/es\/traslado-privado-a-chingaza\/\"  target=\"_self\">Leer m\u00e1s<\/a>\t\n\t\t<figure itemscope itemtype=\"https:\/\/schema.org\/ImageObject\">\n\t\t\t\t<a href=\"https:\/\/safetransferscolombia.com\/es\/traslado-privado-a-la-chorrera\/\"  target=\"_self\" itemprop=\"url\">\n\t\t\t\t<img decoding=\"async\" src=\"https:\/\/safetransferscolombia.com\/wp-content\/uploads\/bb-plugin\/cache\/chorrera-landscape-e2bc7335063c4c9f3e5e9e86d48922d1-.png\" alt=\"chorreadora\" height=\"1024\" width=\"1536\" title=\"chorreadora\" onerror=\"this.style.display='none'\" loading=\"lazy\" \/>\n\t\t\t\t<\/a>\n\t<\/figure>\n<h3><a href=\"https:\/\/safetransferscolombia.com\/es\/traslado-privado-a-la-chorrera\/\" target=\"_self\">Bogot\u00e1 \u2194 Cascada La Chorrera<\/a><\/h3><p class=\"translation-block\">Esta experiencia de d\u00eda completo se estructura en torno a traslados privados punto a punto que conectan Bogot\u00e1 con uno de los corredores de senderismo m\u00e1s espectaculares de los Andes orientales. Dise\u00f1ado para viajeros que buscan una experiencia en la naturaleza f\u00edsicamente exigente, el viaje combina cascadas, ca\u00f1ones y paisajes de p\u00e1ramo.<\/p>\n<a href=\"https:\/\/safetransferscolombia.com\/es\/traslado-privado-a-la-chorrera\/\"  target=\"_self\">Leer m\u00e1s<\/a>\t\n\t\t<figure itemscope itemtype=\"https:\/\/schema.org\/ImageObject\">\n\t\t\t\t<a href=\"https:\/\/safetransferscolombia.com\/es\/traslado-privado-salto-tenquendama\/\"  target=\"_self\" itemprop=\"url\">\n\t\t\t\t<img decoding=\"async\" src=\"https:\/\/safetransferscolombia.com\/wp-content\/uploads\/bb-plugin\/cache\/salto-del-tequendama-landscape-7162c0a4adf1172d017a3dc9d7719a48-.png\" alt=\"salto del tequendama\" height=\"768\" width=\"1344\" title=\"salto del tequendama\" onerror=\"this.style.display='none'\" loading=\"lazy\" \/>\n\t\t\t\t<\/a>\n\t<\/figure>\n<h3><a href=\"https:\/\/safetransferscolombia.com\/es\/traslado-privado-salto-tenquendama\/\" target=\"_self\">Bogot\u00e1 \u2194 Salto del Tequendama<\/a><\/h3><p class=\"translation-block\">Esta experiencia de medio d\u00eda o d\u00eda completo conecta Bogot\u00e1 con uno de los monumentos naturales m\u00e1s espectaculares e hist\u00f3ricos del pa\u00eds. Dise\u00f1ada para viajeros interesados en el paisaje, la memoria y el significado cultural. La ruta sigue el borde sur de los Andes de Bogot\u00e1 hacia el municipio de Soacha, recorriendo el ca\u00f1\u00f3n excavado por el r\u00edo Bogot\u00e1 a lo largo de los siglos.<\/p>\n<a href=\"https:\/\/safetransferscolombia.com\/es\/traslado-privado-salto-tenquendama\/\"  target=\"_self\">Leer m\u00e1s<\/a>\t\n\t\t<figure itemscope itemtype=\"https:\/\/schema.org\/ImageObject\">\n\t\t\t\t<a href=\"https:\/\/safetransferscolombia.com\/es\/traslado-privado-mina-de-sal-nemocon\/\"  target=\"_self\" itemprop=\"url\">\n\t\t\t\t<img decoding=\"async\" src=\"https:\/\/safetransferscolombia.com\/wp-content\/uploads\/bb-plugin\/cache\/nemocon-salt-mine-landscape-323bd75ef078860cbb5db9f987207ea5-.png\" alt=\"mina de sal nemocona\" height=\"768\" width=\"1344\" title=\"mina de sal nemocona\" onerror=\"this.style.display='none'\" loading=\"lazy\" \/>\n\t\t\t\t<\/a>\n\t<\/figure>\n<h3><a href=\"https:\/\/safetransferscolombia.com\/es\/traslado-privado-mina-de-sal-nemocon\/\" target=\"_self\">Bogot\u00e1 \u2194 Mina de Sal de Nemoc\u00f3n<\/a><\/h3><p>Nemoc\u00f3n is one of Colombia&#8217;s oldest salt-producing towns. Our tour offers a journey through the geology, memory, and heritage of Cundinamarca&#8217;s mining territory. Nemoc\u00f3n stands out for being quieter and less crowded than other similar destinations, which means fewer time constraints and a more relaxed pace, without the pressure of strict schedules or frequent stops.<\/p>\n<a href=\"https:\/\/safetransferscolombia.com\/es\/traslado-privado-mina-de-sal-nemocon\/\"  target=\"_self\">Leer m\u00e1s<\/a>\t\n\t\t<figure itemscope itemtype=\"https:\/\/schema.org\/ImageObject\">\n\t\t\t\t<a href=\"https:\/\/safetransferscolombia.com\/es\/traslado-privado-a-la-calera\/\"  target=\"_self\" itemprop=\"url\">\n\t\t\t\t<img decoding=\"async\" src=\"https:\/\/safetransferscolombia.com\/wp-content\/uploads\/bb-plugin\/cache\/calera-patios-landscape-654db776122e11107493557ad1e4eae1-.png\" alt=\"calera-patios\" height=\"768\" width=\"1344\" title=\"calera-patios\" onerror=\"this.style.display='none'\" loading=\"lazy\" \/>\n\t\t\t\t<\/a>\n\t<\/figure>\n<h3><a href=\"https:\/\/safetransferscolombia.com\/es\/traslado-privado-a-la-calera\/\" target=\"_self\">Bogot\u00e1 \u2194 La Calera \/ Alto de Patios<\/a><\/h3><p class=\"translation-block\">Elev\u00e1ndose inmediatamente al oriente de Bogot\u00e1, La Calera y Alto de Patios forman parte del borde natural de la ciudad y son la ruta ciclista preferida por los bogotanos. Aqu\u00ed la cuadr\u00edcula urbana da paso a paisajes de p\u00e1ramo, carreteras de monta\u00f1a y miradores panor\u00e1micos.\nEsta experiencia de recorrido corto es ideal para viajeros que quieren aire fresco, vistas abiertas y un cambio de ritmo sin comprometerse con una excursi\u00f3n de d\u00eda completo.<\/p>\n<a href=\"https:\/\/safetransferscolombia.com\/es\/traslado-privado-a-la-calera\/\"  target=\"_self\">Leer m\u00e1s<\/a>\t\n\t\t<figure itemscope itemtype=\"https:\/\/schema.org\/ImageObject\">\n\t\t\t\t<a href=\"https:\/\/safetransferscolombia.com\/es\/traslado-privado-zipaquira-guatavita\/\"  target=\"_self\" itemprop=\"url\">\n\t\t\t\t<img decoding=\"async\" src=\"https:\/\/safetransferscolombia.com\/wp-content\/uploads\/bb-plugin\/cache\/Commercial-venue-at-Zipaquiras-Salt-Mine-landscape-5bdb5146c6c84f708a3dbdd36ecd680f-.jpg\" alt=\"Local comercial en la mina de sal de Zipaquir\u00e1\" height=\"832\" width=\"1248\" title=\"Local comercial en la mina de sal de Zipaquir\u00e1\" onerror=\"this.style.display='none'\" loading=\"lazy\" \/>\n\t\t\t\t<\/a>\n\t<\/figure>\n<h3><a href=\"https:\/\/safetransferscolombia.com\/es\/traslado-privado-zipaquira-guatavita\/\" target=\"_self\">Bogot\u00e1 \u2194 Zipaquir\u00e1 (Catedral de Sal) y Laguna de Guatavita<\/a><\/h3><p>Esta experiencia conecta Bogot\u00e1 con Zipaquir\u00e1 y Guatavita a trav\u00e9s de una ruta fluida y bien planificada, dise\u00f1ada para viajeros que desean explorar m\u00e1s all\u00e1 de la ciudad sin largos tiempos de desplazamiento. Con transporte terrestre privado y horarios flexibles, el recorrido combina arquitectura subterr\u00e1nea, vida de pueblo colonial, paisajes de monta\u00f1a y sitios sagrados, convirti\u00e9ndolo en una excursi\u00f3n ideal de un d\u00eda a las afueras de Bogot\u00e1.<\/p>\n<a href=\"https:\/\/safetransferscolombia.com\/es\/traslado-privado-zipaquira-guatavita\/\"  target=\"_self\">Leer m\u00e1s<\/a>\t\n\t\t<figure itemscope itemtype=\"https:\/\/schema.org\/ImageObject\">\n\t\t\t\t<a href=\"https:\/\/safetransferscolombia.com\/es\/traslado-privado-a-la-catedral-de-sal-de-zipaquira\/\"  target=\"_self\" itemprop=\"url\">\n\t\t\t\t<img decoding=\"async\" src=\"https:\/\/safetransferscolombia.com\/wp-content\/uploads\/bb-plugin\/cache\/zipaquira-landscape-d84b57de09d5c45985e169950d0bccf7-.png\" alt=\"zipaquir\u00e1\" height=\"1024\" width=\"1536\" title=\"zipaquir\u00e1\" onerror=\"this.style.display='none'\" loading=\"lazy\" \/>\n\t\t\t\t<\/a>\n\t<\/figure>\n<h3><a href=\"https:\/\/safetransferscolombia.com\/es\/traslado-privado-a-la-catedral-de-sal-de-zipaquira\/\" target=\"_self\">Bogot\u00e1 \u2194 Zipaquir\u00e1 (Catedral de Sal) Obras Maestras Talladas Bajo Tierra<\/a><\/h3><p>Few places in Colombia combine geology, engineering, and spirituality as powerfully as Zipaquir\u00e1. Long before becoming a religious landmark, this territory was part of an ancient salt-extraction network that sustained Muisca communities and later shaped regional trade. Today, Zipaquir\u00e1 is defined by its underground cathedral and a well-preserved colonial town-both easily accessible from Bogot\u00e1.<\/p>\n<a href=\"https:\/\/safetransferscolombia.com\/es\/traslado-privado-a-la-catedral-de-sal-de-zipaquira\/\"  target=\"_self\">Leer m\u00e1s<\/a>\t\n\t\t<figure itemscope itemtype=\"https:\/\/schema.org\/ImageObject\">\n\t\t\t\t<a href=\"https:\/\/safetransferscolombia.com\/es\/traslado-privado-villa-de-leyva\/\"  target=\"_self\" itemprop=\"url\">\n\t\t\t\t<img decoding=\"async\" src=\"https:\/\/safetransferscolombia.com\/wp-content\/uploads\/bb-plugin\/cache\/villa-de-leyva-featured-landscape-859e2b925eaf0fcf70f2b97e444494c4-.png\" alt=\"Villa de Leyva destacada\" height=\"1024\" width=\"1536\" title=\"Villa de Leyva destacada\" onerror=\"this.style.display='none'\" loading=\"lazy\" \/>\n\t\t\t\t<\/a>\n\t<\/figure>\n<h3><a href=\"https:\/\/safetransferscolombia.com\/es\/traslado-privado-villa-de-leyva\/\" target=\"_self\">Bogot\u00e1 \u2194 Villa de Leyva<\/a><\/h3><p>Founded in the 16th century and preserved almost intact, Villa de Leyva is one of Colombia&#8217;s most important colonial towns. Located in the highlands of Boyac\u00e1, the region was once covered by an ancient sea-explaining the abundance of fossils that coexist today with monasteries, cobblestone streets, and artisan traditions.<\/p>\n<a href=\"https:\/\/safetransferscolombia.com\/es\/traslado-privado-villa-de-leyva\/\"  target=\"_self\">Leer m\u00e1s<\/a>\t\n<h2>\n\t\t<a href=\"https:\/\/cielo.travel\/\" title=\"Nos hemos asociado con Cielo.Travel\" target=\"_blank\" rel=\"noopener\">\n\t\t\tNos hemos asociado con Cielo.Travel\t\t<\/a>\n\t<\/h2>\n\t<p>The tours support local guides, small businesses, and cultural preservation. When you book with us, you&#8217;re helping real people thrive &#8211; and getting an experience that&#8217;s honest, immersive, and unforgettable.<\/p>\n<h2>\n\t\t\tReserva tu ch\u00f3fer en cualquier lugar de Colombia\t<\/h2>\n\t<p>Professional drivers, flexible schedules, and reliable support &#8211; your trusted way to travel anywhere in Colombia.<\/p>\n\t<p>Confirmaci\u00f3n inmediata \u00b7 Tarifas fijas en USD \u00b7 Asistencia biling\u00fce 24\/7 disponible<\/p>\n<h3>\n\t\t\tLlegue sano y salvo. Viaje con confianza por Colombia.\t<\/h3>\n\t<p>Book trusted airport transfers and private drivers in Bogot\u00e1 and across Colombia. Our vetted, insured drivers and 24\/7 bilingual support team are ready to help. Share your trip details below and we&#8217;ll coordinate your transfer and send you a clear quote.<\/p>\n\t\n<div class=\"wpcf7 no-js\" id=\"wpcf7-f628-o1\" lang=\"en-US\" dir=\"ltr\" data-wpcf7-id=\"628\">\n<div class=\"screen-reader-response\"><p role=\"status\" aria-live=\"polite\" aria-atomic=\"true\"><\/p> <ul><\/ul><\/div>\n<form action=\"\/es\/wp-json\/wp\/v2\/pages\/739#wpcf7-f628-o1\" method=\"post\" class=\"wpcf7-form init\" aria-label=\"Contact form\" novalidate=\"novalidate\" data-status=\"init\" data-trp-original-action=\"\/es\/wp-json\/wp\/v2\/pages\/739#wpcf7-f628-o1\">\n<fieldset class=\"hidden-fields-container\"><input type=\"hidden\" name=\"_wpcf7\" value=\"628\" \/><input type=\"hidden\" name=\"_wpcf7_version\" value=\"6.1.5\" \/><input type=\"hidden\" name=\"_wpcf7_locale\" value=\"en_US\" \/><input type=\"hidden\" name=\"_wpcf7_unit_tag\" value=\"wpcf7-f628-o1\" \/><input type=\"hidden\" name=\"_wpcf7_container_post\" value=\"0\" \/><input type=\"hidden\" name=\"_wpcf7_posted_data_hash\" value=\"\" \/>\n<\/fieldset>\n<div class=\"cntct-form\">\n\t<div class=\"first-last-name\">\n\t\t<p><label> Nombre<br \/>\n<span class=\"wpcf7-form-control-wrap\" data-name=\"text-743\"><input size=\"40\" maxlength=\"400\" class=\"wpcf7-form-control wpcf7-text wpcf7-validates-as-required\" aria-required=\"true\" aria-invalid=\"false\" value=\"\" type=\"text\" name=\"text-743\" \/><\/span><\/label>\n\t\t<\/p>\n\t\t<p><label> Correo electr\u00f3nico<br \/>\n<span class=\"wpcf7-form-control-wrap\" data-name=\"email-666\"><input size=\"40\" maxlength=\"400\" class=\"wpcf7-form-control wpcf7-email wpcf7-validates-as-required wpcf7-text wpcf7-validates-as-email\" aria-required=\"true\" aria-invalid=\"false\" value=\"\" type=\"email\" name=\"email-666\" \/><\/span><\/label>\n\t\t<\/p>\n\t<\/div>\n\t<p><label> Whatsapp\/Tel\u00e9fono<br \/>\n<span class=\"wpcf7-form-control-wrap\" data-name=\"tel-332\"><input size=\"40\" maxlength=\"400\" class=\"wpcf7-form-control wpcf7-tel wpcf7-validates-as-required wpcf7-text wpcf7-validates-as-tel\" aria-required=\"true\" aria-invalid=\"false\" value=\"\" type=\"tel\" name=\"tel-332\" \/><\/span><\/label>\n\t<\/p>\n\t<div class=\"radio-btns\">\n\t\t<p><label> Tipo de solicitud<br \/>\n<span class=\"wpcf7-form-control-wrap\" data-name=\"radio-740\"><span class=\"wpcf7-form-control wpcf7-radio\"><span class=\"wpcf7-list-item first\"><label><input type=\"radio\" name=\"radio-740\" value=\"Leisure\/Tour\" \/><span class=\"wpcf7-list-item-label\">Ocio\/Turismo<\/span><\/label><\/span><span class=\"wpcf7-list-item\"><label><input type=\"radio\" name=\"radio-740\" value=\"Transport\" \/><span class=\"wpcf7-list-item-label\">Transporte<\/span><\/label><\/span><span class=\"wpcf7-list-item\"><label><input type=\"radio\" name=\"radio-740\" value=\"Business Partnership\" \/><span class=\"wpcf7-list-item-label\">Asociaci\u00f3n comercial<\/span><\/label><\/span><span class=\"wpcf7-list-item last\"><label><input type=\"radio\" name=\"radio-740\" value=\"Other\" \/><span class=\"wpcf7-list-item-label\">Otros<\/span><\/label><\/span><\/span><\/span> <\/label>\n\t\t<\/p>\n\t<\/div>\n\t<div class=\"first-last-name\">\n\t\t<p><label>Ciudad o destino (opcional)<br \/>\n<span class=\"wpcf7-form-control-wrap\" data-name=\"text-34\"><input size=\"40\" maxlength=\"400\" class=\"wpcf7-form-control wpcf7-text\" aria-invalid=\"false\" value=\"\" type=\"text\" name=\"text-34\" \/><\/span><\/label>\n\t\t<\/p>\n\t\t<p><label>Fecha o per\u00edodo (opcional)<br \/>\n<span class=\"wpcf7-form-control-wrap\" data-name=\"date-255\"><input class=\"wpcf7-form-control wpcf7-date wpcf7-validates-as-date\" aria-invalid=\"false\" value=\"\" type=\"date\" name=\"date-255\" \/><\/span> <\/label>\n\t\t<\/p>\n\t<\/div>\n\t<p><label> Tama\u00f1o del grupo (opcional)<br \/>\n<span class=\"wpcf7-form-control-wrap\" data-name=\"text-418\"><input size=\"40\" maxlength=\"400\" class=\"wpcf7-form-control wpcf7-text\" aria-invalid=\"false\" value=\"\" type=\"text\" name=\"text-418\" \/><\/span><\/label>\n\t<\/p>\n\t<p><label> Mensaje<br \/>\n<span class=\"wpcf7-form-control-wrap\" data-name=\"textarea-98\"><textarea cols=\"40\" rows=\"10\" maxlength=\"2000\" class=\"wpcf7-form-control wpcf7-textarea\" aria-invalid=\"false\" placeholder=\"Escribe tanto o tan poco como quieras, incluso una pregunta breve est\u00e1 bien.\" name=\"textarea-98\"><\/textarea><\/span> <\/label>\n\t<\/p>\n\t<p><strong>Consentimiento opcional para el tratamiento de datos y comunicaciones.<\/strong>\n\t<\/p>\n\t<p class=\"formConsent\"><br \/>\n<span class=\"wpcf7-form-control-wrap\" data-name=\"acceptance-583\"><span class=\"wpcf7-form-control wpcf7-acceptance optional\"><span class=\"wpcf7-list-item\"><label><input type=\"checkbox\" name=\"acceptance-583\" value=\"1\" aria-invalid=\"false\" \/><span class=\"wpcf7-list-item-label\">Al marcar esta casilla, acepto recibir mensajes SMS transaccionales de (Safe Transfers) relacionados con mi reserva (confirmaciones, recordatorios y actualizaciones de asistencia). El consentimiento no es una condici\u00f3n para la compra. Pueden aplicarse tarifas por mensajes y datos. Responda STOP para darse de baja o HELP para obtener asistencia.<\/span><\/label><\/span><\/span><\/span>\n\t<\/p>\n\t<p class=\"anchorForm\" style=\"display:block !important;\"><a href=\"https:\/\/safetransferscolombia.com\/es\/terminos-y-condiciones\/\">T\u00e9rminos<\/a> | <a href=\"https:\/\/safetransferscolombia.com\/es\/politica-de-privacidad\/\">Pol\u00edtica de privacidad<\/a>\n\t<\/p>\n\t<p><input class=\"wpcf7-form-control wpcf7-submit has-spinner\" type=\"submit\" value=\"Enviar\" \/>\n\t<\/p>\n<\/div><p style=\"display: none !important;\" class=\"akismet-fields-container\" data-prefix=\"_wpcf7_ak_\"><label>\u0394<textarea name=\"_wpcf7_ak_hp_textarea\" cols=\"45\" rows=\"8\" maxlength=\"100\"><\/textarea><\/label><input type=\"hidden\" id=\"ak_js_1\" name=\"_wpcf7_ak_js\" value=\"58\"\/><script>document.getElementById( \"ak_js_1\" ).setAttribute( \"value\", ( new Date() ).getTime() );<\/script><\/p><input type='hidden' class='wpcf7-pum' value='{\"closepopup\":false,\"closedelay\":0,\"openpopup\":false,\"openpopup_id\":0}' \/><div class=\"wpcf7-response-output\" aria-hidden=\"true\"><\/div>\n<input type=\"hidden\" name=\"trp-form-language\" value=\"es\"\/><\/form>\n<\/div>","protected":false},"excerpt":{"rendered":"<p>Tours By Car Seamless planned-ahead road trips across Colombia Our Tours are built for travelers who value control, comfort, and context. You&#8217;ll be in a premium vehicle with a professional driver who&#8217;s familiar with the road and the pace you want to maintain throughout your journey These are road-based journeys, thoughtfully designed around routes, landscapes,&hellip;<\/p>","protected":false},"author":2,"featured_media":809,"parent":0,"menu_order":0,"comment_status":"closed","ping_status":"closed","template":"","meta":{"inline_featured_image":false,"footnotes":""},"class_list":["post-739","page","type-page","status-publish","has-post-thumbnail","hentry"],"_links":{"self":[{"href":"https:\/\/safetransferscolombia.com\/es\/wp-json\/wp\/v2\/pages\/739","targetHints":{"allow":["GET"]}}],"collection":[{"href":"https:\/\/safetransferscolombia.com\/es\/wp-json\/wp\/v2\/pages"}],"about":[{"href":"https:\/\/safetransferscolombia.com\/es\/wp-json\/wp\/v2\/types\/page"}],"author":[{"embeddable":true,"href":"https:\/\/safetransferscolombia.com\/es\/wp-json\/wp\/v2\/users\/2"}],"replies":[{"embeddable":true,"href":"https:\/\/safetransferscolombia.com\/es\/wp-json\/wp\/v2\/comments?post=739"}],"version-history":[{"count":0,"href":"https:\/\/safetransferscolombia.com\/es\/wp-json\/wp\/v2\/pages\/739\/revisions"}],"wp:featuredmedia":[{"embeddable":true,"href":"https:\/\/safetransferscolombia.com\/es\/wp-json\/wp\/v2\/media\/809"}],"wp:attachment":[{"href":"https:\/\/safetransferscolombia.com\/es\/wp-json\/wp\/v2\/media?parent=739"}],"curies":[{"name":"wp","href":"https:\/\/api.w.org\/{rel}","templated":true}]}}